{"id":17953,"date":"2025-08-19T13:33:04","date_gmt":"2025-08-19T09:33:04","guid":{"rendered":"https:\/\/kokpit.az\/?page_id=17953"},"modified":"2025-08-19T14:29:52","modified_gmt":"2025-08-19T10:29:52","slug":"cempionlar","status":"publish","type":"page","link":"https:\/\/kokpit.az\/?page_id=17953","title":{"rendered":"\u00c7empionlar"},"content":{"rendered":"<style>\n.champ-card {\n  background:#555;\n  border:6px solid #d4af37;\n  border-radius:10px;\n  width:45%;\n  min-width:180px;\n  padding:10px;\n  margin-bottom:20px;\n  color:#fff;\n  transition:all 0.3s ease;\n}\n.champ-card:hover {\n  transform:scale(1.03);\n  box-shadow:0 4px 20px rgba(0,0,0,0.3);\n}\n.champ-img {\n  width:100%;\n  height:320px;\n  display:flex;\n  justify-content:center;\n  align-items:center;\n  margin-bottom:10px;\n}\n.champ-img img {\n  width:100%;\n  height:100%;\n  object-fit:cover;\n  border-radius:6px;\n}\n.champ-name {\n  height:40px;\n  font-size:18px;\n  font-weight:bold;\n  display:flex;\n  align-items:center;\n  justify-content:center;\n}\n.champ-info {\n  height:70px;\n  font-size:16px;\n  font-weight:bold;\n  display:flex;\n  align-items:center;\n  justify-content:center;\n  text-align:center;\n}\n\/* mobil *\/\n@media (max-width: 768px) {\n  .wrapper {\n    display:flex;\n    flex-wrap:wrap;\n    justify-content:center;\n    gap:12px !important;\n  }\n  .champ-card {\n    width:48%;\n    margin-bottom:15px;\n  }\n  .champ-img {\n    height:260px;\n  }\n}\n<\/style>\n<div class=\"wrapper\" style=\"display:flex;flex-wrap:wrap;gap:20px;justify-content:center;\">\n<p><!-- 1 --><\/p>\n<div class=\"champ-card\">\n<div class=\"champ-img\"><img decoding=\"async\" src=\"https:\/\/kokpit.az\/wp-content\/uploads\/2025\/08\/34max.jpg\"><\/div>\n<div class=\"champ-name\">Maks Ferstappen<\/div>\n<div class=\"champ-info\">2021, 2022, 2023, 2024<\/div>\n<\/div>\n<p><!-- 2 --><\/p>\n<div class=\"champ-card\">\n<div class=\"champ-img\"><img decoding=\"async\" src=\"https:\/\/kokpit.az\/wp-content\/uploads\/2025\/08\/33rosberg.jpg\"><\/div>\n<div class=\"champ-name\">Niko Rosberq<\/div>\n<div class=\"champ-info\">2016<\/div>\n<\/div>\n<p><!-- 3 --><\/p>\n<div class=\"champ-card\">\n<div class=\"champ-img\"><img decoding=\"async\" src=\"https:\/\/kokpit.az\/wp-content\/uploads\/2025\/08\/32vettel.jpg\"><\/div>\n<div class=\"champ-name\">Sebastyan Fettel<\/div>\n<div class=\"champ-info\">2010, 2011, 2012, 2013<\/div>\n<\/div>\n<p><!-- 4 --><\/p>\n<div class=\"champ-card\">\n<div class=\"champ-img\"><img decoding=\"async\" src=\"https:\/\/kokpit.az\/wp-content\/uploads\/2025\/08\/31button.jpg\"><\/div>\n<div class=\"champ-name\">Censon Batton<\/div>\n<div class=\"champ-info\">2009<\/div>\n<\/div>\n<p><!-- 5 --><\/p>\n<div class=\"champ-card\">\n<div class=\"champ-img\"><img decoding=\"async\" src=\"https:\/\/kokpit.az\/wp-content\/uploads\/2025\/08\/30hamilton.jpg\"><\/div>\n<div class=\"champ-name\">Lyuis H\u0259milton<\/div>\n<div class=\"champ-info\">2008, 2014, 2015, 2017, 2018, 2019, 2020<\/div>\n<\/div>\n<p><!-- 6 --><\/p>\n<div class=\"champ-card\">\n<div class=\"champ-img\"><img decoding=\"async\" src=\"https:\/\/kokpit.az\/wp-content\/uploads\/2025\/08\/29raikkonen.jpg\"><\/div>\n<div class=\"champ-name\">Kimi R\u0259ykk\u00f6nen<\/div>\n<div class=\"champ-info\">2007<\/div>\n<\/div>\n<p><!-- 7 --><\/p>\n<div class=\"champ-card\">\n<div class=\"champ-img\"><img decoding=\"async\" src=\"https:\/\/kokpit.az\/wp-content\/uploads\/2025\/08\/28alonso.jpg\"><\/div>\n<div class=\"champ-name\">Fernando Alonso<\/div>\n<div class=\"champ-info\">2005, 2006<\/div>\n<\/div>\n<p><!-- 8 --><\/p>\n<div class=\"champ-card\">\n<div class=\"champ-img\"><img decoding=\"async\" src=\"https:\/\/kokpit.az\/wp-content\/uploads\/2025\/08\/27hakkinen.jpg\"><\/div>\n<div class=\"champ-name\">Mika Hakkinen<\/div>\n<div class=\"champ-info\">1998, 1999<\/div>\n<\/div>\n<p><!-- 9 --><\/p>\n<div class=\"champ-card\">\n<div class=\"champ-img\"><img decoding=\"async\" src=\"https:\/\/kokpit.az\/wp-content\/uploads\/2025\/08\/26villeneuve.jpg\"><\/div>\n<div class=\"champ-name\">Cek Viln\u00f6v<\/div>\n<div class=\"champ-info\">1997<\/div>\n<\/div>\n<p><!-- 10 --><\/p>\n<div class=\"champ-card\">\n<div class=\"champ-img\"><img decoding=\"async\" src=\"https:\/\/kokpit.az\/wp-content\/uploads\/2025\/08\/25hill.jpg\"><\/div>\n<div class=\"champ-name\">Deymon Hill<\/div>\n<div class=\"champ-info\">1996<\/div>\n<\/div>\n<p><!-- 11 --><\/p>\n<div class=\"champ-card\">\n<div class=\"champ-img\"><img decoding=\"async\" src=\"https:\/\/kokpit.az\/wp-content\/uploads\/2025\/08\/24schumacher.jpg\"><\/div>\n<div class=\"champ-name\">Mixael \u015eumaxer<\/div>\n<div class=\"champ-info\">1994, 1995, 2000, 2001, 2002, 2003, 2004<\/div>\n<\/div>\n<p><!-- 12 --><\/p>\n<div class=\"champ-card\">\n<div class=\"champ-img\"><img decoding=\"async\" src=\"https:\/\/kokpit.az\/wp-content\/uploads\/2025\/08\/23mansell.jpg\"><\/div>\n<div class=\"champ-name\">Naycel Mansell<\/div>\n<div class=\"champ-info\">1992<\/div>\n<\/div>\n<p><!-- 13 --><\/p>\n<div class=\"champ-card\">\n<div class=\"champ-img\"><img decoding=\"async\" src=\"https:\/\/kokpit.az\/wp-content\/uploads\/2025\/08\/22senna.jpg\"><\/div>\n<div class=\"champ-name\">Ayrton Senna<\/div>\n<div class=\"champ-info\">1988, 1990, 1991<\/div>\n<\/div>\n<p><!-- 14 --><\/p>\n<div class=\"champ-card\">\n<div class=\"champ-img\"><img decoding=\"async\" src=\"https:\/\/kokpit.az\/wp-content\/uploads\/2025\/08\/21porst.jpg\"><\/div>\n<div class=\"champ-name\">Alen Prost<\/div>\n<div class=\"champ-info\">1985, 1986, 1989, 1993<\/div>\n<\/div>\n<p><!-- 15 --><\/p>\n<div class=\"champ-card\">\n<div class=\"champ-img\"><img decoding=\"async\" src=\"https:\/\/kokpit.az\/wp-content\/uploads\/2025\/08\/20keke.jpg\"><\/div>\n<div class=\"champ-name\">Keke Rosberq<\/div>\n<div class=\"champ-info\">1982<\/div>\n<\/div>\n<p><!-- 16 --><\/p>\n<div class=\"champ-card\">\n<div class=\"champ-img\"><img decoding=\"async\" src=\"https:\/\/kokpit.az\/wp-content\/uploads\/2025\/08\/19piquet.jpg\"><\/div>\n<div class=\"champ-name\">Nelson Pike<\/div>\n<div class=\"champ-info\">1981, 1983, 1987<\/div>\n<\/div>\n<p><!-- 17 --><\/p>\n<div class=\"champ-card\">\n<div class=\"champ-img\"><img decoding=\"async\" src=\"https:\/\/kokpit.az\/wp-content\/uploads\/2025\/08\/18.jones_.jpg\"><\/div>\n<div class=\"champ-name\">Alan Cons<\/div>\n<div class=\"champ-info\">1980<\/div>\n<\/div>\n<p><!-- 18 --><\/p>\n<div class=\"champ-card\">\n<div class=\"champ-img\"><img decoding=\"async\" src=\"https:\/\/kokpit.az\/wp-content\/uploads\/2025\/08\/17jody.jpg\"><\/div>\n<div class=\"champ-name\">Codi \u015eexter<\/div>\n<div class=\"champ-info\">1979<\/div>\n<\/div>\n<p><!-- 19 --><\/p>\n<div class=\"champ-card\">\n<div class=\"champ-img\"><img decoding=\"async\" src=\"https:\/\/kokpit.az\/wp-content\/uploads\/2025\/08\/16andretti.jpg\"><\/div>\n<div class=\"champ-name\">Mario Andretti<\/div>\n<div class=\"champ-info\">1978<\/div>\n<\/div>\n<p><!-- 20 --><\/p>\n<div class=\"champ-card\">\n<div class=\"champ-img\"><img decoding=\"async\" src=\"https:\/\/kokpit.az\/wp-content\/uploads\/2025\/08\/15hunt.jpg\"><\/div>\n<div class=\"champ-name\">Ceyms Hant<\/div>\n<div class=\"champ-info\">1976<\/div>\n<\/div>\n<p><!-- 21 --><\/p>\n<div class=\"champ-card\">\n<div class=\"champ-img\"><img decoding=\"async\" src=\"https:\/\/kokpit.az\/wp-content\/uploads\/2025\/08\/14lauda.jpg\"><\/div>\n<div class=\"champ-name\">Niki Lauda<\/div>\n<div class=\"champ-info\">1975, 1977, 1984<\/div>\n<\/div>\n<p><!-- 22 --><\/p>\n<div class=\"champ-card\">\n<div class=\"champ-img\"><img decoding=\"async\" src=\"https:\/\/kokpit.az\/wp-content\/uploads\/2025\/08\/13fittipaldi.jpg\"><\/div>\n<div class=\"champ-name\">Emerson Fittipaldi<\/div>\n<div class=\"champ-info\">1972, 1974<\/div>\n<\/div>\n<p><!-- 23 --><\/p>\n<div class=\"champ-card\">\n<div class=\"champ-img\"><img decoding=\"async\" src=\"https:\/\/kokpit.az\/wp-content\/uploads\/2025\/08\/12rindt.jpg\"><\/div>\n<div class=\"champ-name\">Yohen Rindt<\/div>\n<div class=\"champ-info\">1970<\/div>\n<\/div>\n<p><!-- 24 --><\/p>\n<div class=\"champ-card\">\n<div class=\"champ-img\"><img decoding=\"async\" src=\"https:\/\/kokpit.az\/wp-content\/uploads\/2025\/08\/11stuart.jpg\"><\/div>\n<div class=\"champ-name\">Ceki St\u00fcart<\/div>\n<div class=\"champ-info\">1969, 1971, 1973<\/div>\n<\/div>\n<p><!-- 25 --><\/p>\n<div class=\"champ-card\">\n<div class=\"champ-img\"><img decoding=\"async\" src=\"https:\/\/kokpit.az\/wp-content\/uploads\/2025\/08\/10hulme.jpg\"><\/div>\n<div class=\"champ-name\">Denni Halm<\/div>\n<div class=\"champ-info\">1967<\/div>\n<\/div>\n<p><!-- 26 --><\/p>\n<div class=\"champ-card\">\n<div class=\"champ-img\"><img decoding=\"async\" src=\"https:\/\/kokpit.az\/wp-content\/uploads\/2025\/08\/9surtees.jpg\"><\/div>\n<div class=\"champ-name\">Con S\u00f6rtiz<\/div>\n<div class=\"champ-info\">1964<\/div>\n<\/div>\n<p><!-- 27 --><\/p>\n<div class=\"champ-card\">\n<div class=\"champ-img\"><img decoding=\"async\" src=\"https:\/\/kokpit.az\/wp-content\/uploads\/2025\/08\/8.clark_.jpg\"><\/div>\n<div class=\"champ-name\">Cim Klark<\/div>\n<div class=\"champ-info\">1963, 1965<\/div>\n<\/div>\n<p><!-- 28 --><\/p>\n<div class=\"champ-card\">\n<div class=\"champ-img\"><img decoding=\"async\" src=\"https:\/\/kokpit.az\/wp-content\/uploads\/2025\/08\/7graham.jpg\"><\/div>\n<div class=\"champ-name\">Qraham Hill<\/div>\n<div class=\"champ-info\">1962, 1968<\/div>\n<\/div>\n<p><!-- 29 --><\/p>\n<div class=\"champ-card\">\n<div class=\"champ-img\"><img decoding=\"async\" src=\"https:\/\/kokpit.az\/wp-content\/uploads\/2025\/08\/6hill.jpg\"><\/div>\n<div class=\"champ-name\">Fill Hill<\/div>\n<div class=\"champ-info\">1961<\/div>\n<\/div>\n<p><!-- 30 --><\/p>\n<div class=\"champ-card\">\n<div class=\"champ-img\"><img decoding=\"async\" src=\"https:\/\/kokpit.az\/wp-content\/uploads\/2025\/08\/5brabham.jpg\"><\/div>\n<div class=\"champ-name\">Cek Brabham<\/div>\n<div class=\"champ-info\">1959, 1960, 1966<\/div>\n<\/div>\n<p><!-- 31 --><\/p>\n<div class=\"champ-card\">\n<div class=\"champ-img\"><img decoding=\"async\" src=\"https:\/\/kokpit.az\/wp-content\/uploads\/2025\/08\/4.hotorn.jpg\"><\/div>\n<div class=\"champ-name\">Mayk Hotorn<\/div>\n<div class=\"champ-info\">1958<\/div>\n<\/div>\n<p><!-- 32 --><\/p>\n<div class=\"champ-card\">\n<div class=\"champ-img\"><img decoding=\"async\" src=\"https:\/\/kokpit.az\/wp-content\/uploads\/2025\/08\/3ascari.jpg\"><\/div>\n<div class=\"champ-name\">Alberto Askari<\/div>\n<div class=\"champ-info\">1952, 1953<\/div>\n<\/div>\n<p><!-- 33 --><\/p>\n<div class=\"champ-card\">\n<div class=\"champ-img\"><img decoding=\"async\" src=\"https:\/\/kokpit.az\/wp-content\/uploads\/2025\/08\/2fangio.jpg\"><\/div>\n<div class=\"champ-name\">Xuan-Manuel Fanxio<\/div>\n<div class=\"champ-info\">1951, 1954, 1955, 1956, 1957<\/div>\n<\/div>\n<p><!-- 34 --><\/p>\n<div class=\"champ-card\">\n<div class=\"champ-img\"><img decoding=\"async\" src=\"https:\/\/kokpit.az\/wp-content\/uploads\/2025\/08\/1farina.jpg\"><\/div>\n<div class=\"champ-name\">C\u00fczeppe Farina<\/div>\n<div class=\"champ-info\">1950<\/div>\n<\/div>\n<\/div>\n","protected":false},"excerpt":{"rendered":"<p>Maks Ferstappen 2021, 2022, 2023, 2024 Niko Rosberq 2016 Sebastyan Fettel 2010, 2011, 2012, 2013 Censon Batton 2009 Lyuis H\u0259milton 2008, 2014, 2015, 2017, 2018, 2019, 2020 Kimi R\u0259ykk\u00f6nen 2007 Fernando Alonso 2005, 2006 Mika Hakkinen 1998, 1999 Cek Viln\u00f6v 1997 Deymon Hill 1996 Mixael \u015eumaxer 1994, 1995, 2000, 2001, 2002, 2003, 2004 Naycel Mansell [&hellip;]<\/p>\n","protected":false},"author":1,"featured_media":17961,"parent":0,"menu_order":0,"comment_status":"closed","ping_status":"closed","template":"","meta":{"footnotes":""},"class_list":["post-17953","page","type-page","status-publish","has-post-thumbnail","hentry"],"yoast_head":"<!-- This site is optimized with the Yoast SEO plugin v27.3 - https:\/\/yoast.com\/product\/yoast-seo-wordpress\/ -->\n<title>\u00c7empionlar - X\u0259b\u0259ri Kokpitd\u0259 Oxuyun!<\/title>\n<meta name=\"robots\" content=\"index, follow, max-snippet:-1, max-image-preview:large, max-video-preview:-1\" \/>\n<link rel=\"canonical\" href=\"https:\/\/kokpit.az\/?page_id=17953\" \/>\n<meta property=\"og:locale\" content=\"az_AZ\" \/>\n<meta property=\"og:type\" content=\"article\" \/>\n<meta property=\"og:title\" content=\"\u00c7empionlar - X\u0259b\u0259ri Kokpitd\u0259 Oxuyun!\" \/>\n<meta property=\"og:description\" content=\"Maks Ferstappen 2021, 2022, 2023, 2024 Niko Rosberq 2016 Sebastyan Fettel 2010, 2011, 2012, 2013 Censon Batton 2009 Lyuis H\u0259milton 2008, 2014, 2015, 2017, 2018, 2019, 2020 Kimi R\u0259ykk\u00f6nen 2007 Fernando Alonso 2005, 2006 Mika Hakkinen 1998, 1999 Cek Viln\u00f6v 1997 Deymon Hill 1996 Mixael \u015eumaxer 1994, 1995, 2000, 2001, 2002, 2003, 2004 Naycel Mansell [&hellip;]\" \/>\n<meta property=\"og:url\" content=\"https:\/\/kokpit.az\/?page_id=17953\" \/>\n<meta property=\"og:site_name\" content=\"X\u0259b\u0259ri Kokpitd\u0259 Oxuyun!\" \/>\n<meta property=\"article:publisher\" content=\"https:\/\/www.facebook.com\/profile.php?id=61553756392357\" \/>\n<meta property=\"article:modified_time\" content=\"2025-08-19T10:29:52+00:00\" \/>\n<meta property=\"og:image\" content=\"https:\/\/kokpit.az\/wp-content\/uploads\/2025\/08\/f1-champions.jpg\" \/>\n\t<meta property=\"og:image:width\" content=\"1574\" \/>\n\t<meta property=\"og:image:height\" content=\"826\" \/>\n\t<meta property=\"og:image:type\" content=\"image\/jpeg\" \/>\n<meta name=\"twitter:card\" content=\"summary_large_image\" \/>\n<script type=\"application\/ld+json\" class=\"yoast-schema-graph\">{\"@context\":\"https:\\\/\\\/schema.org\",\"@graph\":[{\"@type\":\"WebPage\",\"@id\":\"https:\\\/\\\/kokpit.az\\\/?page_id=17953\",\"url\":\"https:\\\/\\\/kokpit.az\\\/?page_id=17953\",\"name\":\"\u00c7empionlar - X\u0259b\u0259ri Kokpitd\u0259 Oxuyun!\",\"isPartOf\":{\"@id\":\"https:\\\/\\\/kokpit.az\\\/#website\"},\"primaryImageOfPage\":{\"@id\":\"https:\\\/\\\/kokpit.az\\\/?page_id=17953#primaryimage\"},\"image\":{\"@id\":\"https:\\\/\\\/kokpit.az\\\/?page_id=17953#primaryimage\"},\"thumbnailUrl\":\"https:\\\/\\\/kokpit.az\\\/wp-content\\\/uploads\\\/2025\\\/08\\\/f1-champions.jpg\",\"datePublished\":\"2025-08-19T09:33:04+00:00\",\"dateModified\":\"2025-08-19T10:29:52+00:00\",\"breadcrumb\":{\"@id\":\"https:\\\/\\\/kokpit.az\\\/?page_id=17953#breadcrumb\"},\"inLanguage\":\"az\",\"potentialAction\":[{\"@type\":\"ReadAction\",\"target\":[\"https:\\\/\\\/kokpit.az\\\/?page_id=17953\"]}]},{\"@type\":\"ImageObject\",\"inLanguage\":\"az\",\"@id\":\"https:\\\/\\\/kokpit.az\\\/?page_id=17953#primaryimage\",\"url\":\"https:\\\/\\\/kokpit.az\\\/wp-content\\\/uploads\\\/2025\\\/08\\\/f1-champions.jpg\",\"contentUrl\":\"https:\\\/\\\/kokpit.az\\\/wp-content\\\/uploads\\\/2025\\\/08\\\/f1-champions.jpg\",\"width\":1574,\"height\":826},{\"@type\":\"BreadcrumbList\",\"@id\":\"https:\\\/\\\/kokpit.az\\\/?page_id=17953#breadcrumb\",\"itemListElement\":[{\"@type\":\"ListItem\",\"position\":1,\"name\":\"Home\",\"item\":\"https:\\\/\\\/kokpit.az\\\/\"},{\"@type\":\"ListItem\",\"position\":2,\"name\":\"\u00c7empionlar\"}]},{\"@type\":\"WebSite\",\"@id\":\"https:\\\/\\\/kokpit.az\\\/#website\",\"url\":\"https:\\\/\\\/kokpit.az\\\/\",\"name\":\"X\u0259b\u0259ri Kokpitd\u0259 Oxuyun!\",\"description\":\"\",\"publisher\":{\"@id\":\"https:\\\/\\\/kokpit.az\\\/#organization\"},\"potentialAction\":[{\"@type\":\"SearchAction\",\"target\":{\"@type\":\"EntryPoint\",\"urlTemplate\":\"https:\\\/\\\/kokpit.az\\\/?s={search_term_string}\"},\"query-input\":{\"@type\":\"PropertyValueSpecification\",\"valueRequired\":true,\"valueName\":\"search_term_string\"}}],\"inLanguage\":\"az\"},{\"@type\":\"Organization\",\"@id\":\"https:\\\/\\\/kokpit.az\\\/#organization\",\"name\":\"X\u0259b\u0259ri Kokpitd\u0259 Oxuyun!\",\"url\":\"https:\\\/\\\/kokpit.az\\\/\",\"logo\":{\"@type\":\"ImageObject\",\"inLanguage\":\"az\",\"@id\":\"https:\\\/\\\/kokpit.az\\\/#\\\/schema\\\/logo\\\/image\\\/\",\"url\":\"https:\\\/\\\/kokpit.az\\\/wp-content\\\/uploads\\\/2023\\\/05\\\/kokpit.jpg\",\"contentUrl\":\"https:\\\/\\\/kokpit.az\\\/wp-content\\\/uploads\\\/2023\\\/05\\\/kokpit.jpg\",\"width\":488,\"height\":245,\"caption\":\"X\u0259b\u0259ri Kokpitd\u0259 Oxuyun!\"},\"image\":{\"@id\":\"https:\\\/\\\/kokpit.az\\\/#\\\/schema\\\/logo\\\/image\\\/\"},\"sameAs\":[\"https:\\\/\\\/www.facebook.com\\\/profile.php?id=61553756392357\"]}]}<\/script>\n<!-- \/ Yoast SEO plugin. -->","yoast_head_json":{"title":"\u00c7empionlar - X\u0259b\u0259ri Kokpitd\u0259 Oxuyun!","robots":{"index":"index","follow":"follow","max-snippet":"max-snippet:-1","max-image-preview":"max-image-preview:large","max-video-preview":"max-video-preview:-1"},"canonical":"https:\/\/kokpit.az\/?page_id=17953","og_locale":"az_AZ","og_type":"article","og_title":"\u00c7empionlar - X\u0259b\u0259ri Kokpitd\u0259 Oxuyun!","og_description":"Maks Ferstappen 2021, 2022, 2023, 2024 Niko Rosberq 2016 Sebastyan Fettel 2010, 2011, 2012, 2013 Censon Batton 2009 Lyuis H\u0259milton 2008, 2014, 2015, 2017, 2018, 2019, 2020 Kimi R\u0259ykk\u00f6nen 2007 Fernando Alonso 2005, 2006 Mika Hakkinen 1998, 1999 Cek Viln\u00f6v 1997 Deymon Hill 1996 Mixael \u015eumaxer 1994, 1995, 2000, 2001, 2002, 2003, 2004 Naycel Mansell [&hellip;]","og_url":"https:\/\/kokpit.az\/?page_id=17953","og_site_name":"X\u0259b\u0259ri Kokpitd\u0259 Oxuyun!","article_publisher":"https:\/\/www.facebook.com\/profile.php?id=61553756392357","article_modified_time":"2025-08-19T10:29:52+00:00","og_image":[{"width":1574,"height":826,"url":"https:\/\/kokpit.az\/wp-content\/uploads\/2025\/08\/f1-champions.jpg","type":"image\/jpeg"}],"twitter_card":"summary_large_image","schema":{"@context":"https:\/\/schema.org","@graph":[{"@type":"WebPage","@id":"https:\/\/kokpit.az\/?page_id=17953","url":"https:\/\/kokpit.az\/?page_id=17953","name":"\u00c7empionlar - X\u0259b\u0259ri Kokpitd\u0259 Oxuyun!","isPartOf":{"@id":"https:\/\/kokpit.az\/#website"},"primaryImageOfPage":{"@id":"https:\/\/kokpit.az\/?page_id=17953#primaryimage"},"image":{"@id":"https:\/\/kokpit.az\/?page_id=17953#primaryimage"},"thumbnailUrl":"https:\/\/kokpit.az\/wp-content\/uploads\/2025\/08\/f1-champions.jpg","datePublished":"2025-08-19T09:33:04+00:00","dateModified":"2025-08-19T10:29:52+00:00","breadcrumb":{"@id":"https:\/\/kokpit.az\/?page_id=17953#breadcrumb"},"inLanguage":"az","potentialAction":[{"@type":"ReadAction","target":["https:\/\/kokpit.az\/?page_id=17953"]}]},{"@type":"ImageObject","inLanguage":"az","@id":"https:\/\/kokpit.az\/?page_id=17953#primaryimage","url":"https:\/\/kokpit.az\/wp-content\/uploads\/2025\/08\/f1-champions.jpg","contentUrl":"https:\/\/kokpit.az\/wp-content\/uploads\/2025\/08\/f1-champions.jpg","width":1574,"height":826},{"@type":"BreadcrumbList","@id":"https:\/\/kokpit.az\/?page_id=17953#breadcrumb","itemListElement":[{"@type":"ListItem","position":1,"name":"Home","item":"https:\/\/kokpit.az\/"},{"@type":"ListItem","position":2,"name":"\u00c7empionlar"}]},{"@type":"WebSite","@id":"https:\/\/kokpit.az\/#website","url":"https:\/\/kokpit.az\/","name":"X\u0259b\u0259ri Kokpitd\u0259 Oxuyun!","description":"","publisher":{"@id":"https:\/\/kokpit.az\/#organization"},"potentialAction":[{"@type":"SearchAction","target":{"@type":"EntryPoint","urlTemplate":"https:\/\/kokpit.az\/?s={search_term_string}"},"query-input":{"@type":"PropertyValueSpecification","valueRequired":true,"valueName":"search_term_string"}}],"inLanguage":"az"},{"@type":"Organization","@id":"https:\/\/kokpit.az\/#organization","name":"X\u0259b\u0259ri Kokpitd\u0259 Oxuyun!","url":"https:\/\/kokpit.az\/","logo":{"@type":"ImageObject","inLanguage":"az","@id":"https:\/\/kokpit.az\/#\/schema\/logo\/image\/","url":"https:\/\/kokpit.az\/wp-content\/uploads\/2023\/05\/kokpit.jpg","contentUrl":"https:\/\/kokpit.az\/wp-content\/uploads\/2023\/05\/kokpit.jpg","width":488,"height":245,"caption":"X\u0259b\u0259ri Kokpitd\u0259 Oxuyun!"},"image":{"@id":"https:\/\/kokpit.az\/#\/schema\/logo\/image\/"},"sameAs":["https:\/\/www.facebook.com\/profile.php?id=61553756392357"]}]}},"_links":{"self":[{"href":"https:\/\/kokpit.az\/index.php?rest_route=\/wp\/v2\/pages\/17953","targetHints":{"allow":["GET"]}}],"collection":[{"href":"https:\/\/kokpit.az\/index.php?rest_route=\/wp\/v2\/pages"}],"about":[{"href":"https:\/\/kokpit.az\/index.php?rest_route=\/wp\/v2\/types\/page"}],"author":[{"embeddable":true,"href":"https:\/\/kokpit.az\/index.php?rest_route=\/wp\/v2\/users\/1"}],"replies":[{"embeddable":true,"href":"https:\/\/kokpit.az\/index.php?rest_route=%2Fwp%2Fv2%2Fcomments&post=17953"}],"version-history":[{"count":11,"href":"https:\/\/kokpit.az\/index.php?rest_route=\/wp\/v2\/pages\/17953\/revisions"}],"predecessor-version":[{"id":17966,"href":"https:\/\/kokpit.az\/index.php?rest_route=\/wp\/v2\/pages\/17953\/revisions\/17966"}],"wp:featuredmedia":[{"embeddable":true,"href":"https:\/\/kokpit.az\/index.php?rest_route=\/wp\/v2\/media\/17961"}],"wp:attachment":[{"href":"https:\/\/kokpit.az\/index.php?rest_route=%2Fwp%2Fv2%2Fmedia&parent=17953"}],"curies":[{"name":"wp","href":"https:\/\/api.w.org\/{rel}","templated":true}]}}